{"id":24,"date":"2015-09-15T14:53:09","date_gmt":"2015-09-15T14:53:09","guid":{"rendered":"http:\/\/demo.ovatheme.com\/eventmana\/?page_id=24"},"modified":"2023-10-03T10:57:16","modified_gmt":"2023-10-03T10:57:16","slug":"contact-us","status":"publish","type":"page","link":"https:\/\/www.stempd.net\/tr\/contact-us\/","title":{"rendered":"Contact us"},"content":{"rendered":"<section class=\"vc_row wpb_row vc_row-fluid contact_map vc_custom_1442915791911\" style=\"color: \"><div class=\"container\"><div class=\"row\"><\/div><\/div><\/section><div class=\"wpb_column vc_column_container vc_col-sm-12\"><div class=\"vc_column-inner\"><div class=\"wpb_wrapper\"><\/div><\/div><\/div>\n    \t<h1 class=\"section-title\"><span data-animation=\"flipInY\" data-animation-delay=\"300\" class=\"icon-inner\">\n    \t\t\t\t\t\t<span class=\"fa-stack\">\n\t\t\t\t\t\t        <i class=\"fa rhex fa-stack-2x\" style=\"background-color:\"><\/i>\n\t\t\t\t\t\t        <i class=\"fa fa-ticket fa-stack-1x\" style=\"color:\"><\/i>\n\t\t\t\t        \t<\/span>\n\t\t\t\t          <\/span><span data-animation=\"fadeInRight\" data-animation-delay=\"500\" class=\"title-inner\"><span class=\"title\"> CONTACT US <\/span><small><\/small>\n\t        \t\t<\/span>\n\t    <\/h1>\n    <br \/>\n<div class=\"everest-forms\"><div class=\"evf-container default\" id=\"evf-3961\"><form id=\"evf-form-3961\" class=\"everest-form\" data-formid=\"3961\" data-ajax_submission=\"0\" data-keyboard_friendly_form=\"0\" method=\"post\" enctype=\"multipart\/form-data\" action=\"\/tr\/wp-json\/wp\/v2\/pages\/24\" data-trp-original-action=\"\/tr\/wp-json\/wp\/v2\/pages\/24\"><div class=\"evf-field-container\"><input type=\"hidden\" id=\"_wpnonce3961\" name=\"_wpnonce3961\" value=\"ca6b13ded5\" \/><input type=\"hidden\" name=\"_wp_http_referer\" value=\"\/tr\/wp-json\/wp\/v2\/pages\/24\" \/><div class=\"evf-frontend-row\" data-row=\"row_1\" conditional_rules=\"[]\"><div class=\"evf-frontend-grid evf-grid-1\" data-grid=\"grid_1\"><div id=\"evf-3961-field_ys0GeZISRs-1-container\" class=\"evf-field evf-field-first-name form-row validate-required\" data-required-field-message=\"This field is required.\" data-field-id=\"ys0GeZISRs-1\"><label class=\"evf-field-label\" for=\"evf-3961-field_ys0GeZISRs-1\"><span class=\"evf-label\">\u0130sim<\/span> <abbr class=\"required\" title=\"Required\">*<\/abbr><\/label><input type=\"text\" id=\"evf-3961-field_ys0GeZISRs-1\" class=\"input-text\" name=\"everest_forms[form_fields][ys0GeZISRs-1]\" required><\/div><div id=\"evf-3961-field_SqWe9t5wpZ-7-container\" class=\"evf-field evf-field-text form-row validate-required\" data-required-field-message=\"This field is required.\" data-field-id=\"SqWe9t5wpZ-7\"><label class=\"evf-field-label\" for=\"evf-3961-field_SqWe9t5wpZ-7\"><span class=\"evf-label\">Institution<\/span> <abbr class=\"required\" title=\"Required\">*<\/abbr><\/label><input type=\"text\" id=\"evf-3961-field_SqWe9t5wpZ-7\" class=\"input-text\" name=\"everest_forms[form_fields][SqWe9t5wpZ-7]\" required><\/div><div id=\"evf-3961-field_LbH5NxasXM-2-container\" class=\"evf-field evf-field-email form-row validate-required validate-email\" data-required-field-message=\"Please enter a valid email address.\" data-field-id=\"LbH5NxasXM-2\"><label class=\"evf-field-label\" for=\"evf-3961-field_LbH5NxasXM-2\"><span class=\"evf-label\">Email<\/span> <abbr class=\"required\" title=\"Required\">*<\/abbr><\/label><input type=\"email\" id=\"evf-3961-field_LbH5NxasXM-2\" class=\"input-text\" name=\"everest_forms[form_fields][LbH5NxasXM-2]\" required><\/div><div id=\"evf-3961-field_5VA2zvZCcZ-8-container\" class=\"evf-field evf-field-number form-row validate-required\" data-required-field-message=\"Please enter a valid number.\" data-field-id=\"5VA2zvZCcZ-8\"><label class=\"evf-field-label\" for=\"evf-3961-field_5VA2zvZCcZ-8\"><span class=\"evf-label\">Phone number<\/span> <abbr class=\"required\" title=\"Required\">*<\/abbr><\/label><input type=\"number\" id=\"evf-3961-field_5VA2zvZCcZ-8\" class=\"input-text\" name=\"everest_forms[form_fields][5VA2zvZCcZ-8]\" step=\"1\" required><\/div><div id=\"evf-3961-field_66FR384cge-3-container\" class=\"evf-field evf-field-text form-row validate-required\" data-required-field-message=\"This field is required.\" data-field-id=\"66FR384cge-3\"><label class=\"evf-field-label\" for=\"evf-3961-field_66FR384cge-3\"><span class=\"evf-label\">Subject<\/span> <abbr class=\"required\" title=\"Required\">*<\/abbr><\/label><input type=\"text\" id=\"evf-3961-field_66FR384cge-3\" class=\"input-text\" name=\"everest_forms[form_fields][66FR384cge-3]\" required><\/div><div id=\"evf-3961-field_yhGx3FOwr2-4-container\" class=\"evf-field evf-field-textarea form-row validate-required\" data-required-field-message=\"This field is required.\" data-field-id=\"yhGx3FOwr2-4\"><label class=\"evf-field-label\" for=\"evf-3961-field_yhGx3FOwr2-4\"><span class=\"evf-label\">Message<\/span> <abbr class=\"required\" title=\"Required\">*<\/abbr><\/label><textarea id=\"evf-3961-field_yhGx3FOwr2-4\" class=\"input-text\" name=\"everest_forms[form_fields][yhGx3FOwr2-4]\" required><\/textarea><\/div><\/div><\/div><\/div><div class=\"evf-honeypot-container evf-field-hp\"><label for=\"evf-3961-field-hp\" class=\"evf-field-label\">Message<\/label><input type=\"text\" name=\"everest_forms[hp]\" id=\"evf-3961-field-hp\" class=\"input-text\"><\/div><div class=\"evf-submit-container\" ><input type=\"hidden\" name=\"everest_forms[id]\" value=\"3961\"><input type=\"hidden\" name=\"everest_forms[author]\" value=\"1\"><button type='submit' name='everest_forms[submit]' class='everest-forms-submit-button button evf-submit' id='evf-submit-3961' value='evf-submit' data-process-text=\"Processing\u2026\" conditional_rules='&quot;&quot;' conditional_id='evf-submit-3961'  aria-live=\"assertive\">Submit<\/button><\/div><input type=\"hidden\" name=\"trp-form-language\" value=\"tr\"\/><\/form><\/div><!-- .evf-container --><\/div><br \/>\n\n\t<div class=\"wpb_text_column wpb_content_element\" >\n\t\t<div class=\"wpb_wrapper\">\n\t\t\t\n\t\t<\/div>\n\t<\/div>\n<p><span data-offset-key=\"a7q7u-0-0\">For thought-provoking discussion and best practices in STEM education, join our &#8220;<\/span><span data-offset-key=\"a7q7u-0-1\"><strong>STEM PD Community of Practice<\/strong>&#8220;<\/span><span data-offset-key=\"a7q7u-0-2\"> at the following social media accounts.<\/span><\/p>\n<p><strong>CONTACT<\/strong><\/p>\n<p>For queries related to the conference, you may also contact Assoc. Prof. Dr. Gokhan Kaya: \u00a0 gokhankaya18@gmail.com<\/p>\n<p><strong>\u0130LET\u0130\u015e\u0130M<\/strong><\/p>\n<p>Konferansla ilgili sorular\u0131n\u0131z i\u00e7in ayr\u0131ca Do\u00e7. Dr. G\u00f6khan Kaya ile ileti\u015fime ge\u00e7ebilirsiniz: gokhankaya18@gmail.com<\/p>\n<p>&nbsp;<\/p>\n<p>&nbsp;<\/p>","protected":false},"excerpt":{"rendered":"<p>For thought-provoking discussion and best practices in STEM education, join our &#8220;STEM PD Community of Practice&#8220; at the following social media accounts. CONTACT For queries related to the conference, you may also contact Assoc. Prof. Dr. Gokhan Kaya: \u00a0 gokhankaya18@gmail.com \u0130LET\u0130\u015e\u0130M Konferansla ilgili sorular\u0131n\u0131z i\u00e7in ayr\u0131ca Do\u00e7. Dr. G\u00f6khan Kaya ile ileti\u015fime ge\u00e7ebilirsiniz: gokhankaya18@gmail.com &nbsp; [&hellip;]<\/p>","protected":false},"author":1,"featured_media":0,"parent":0,"menu_order":0,"comment_status":"closed","ping_status":"closed","template":"","meta":{"footnotes":""},"class_list":["post-24","page","type-page","status-publish","hentry"],"_links":{"self":[{"href":"https:\/\/www.stempd.net\/tr\/wp-json\/wp\/v2\/pages\/24","targetHints":{"allow":["GET"]}}],"collection":[{"href":"https:\/\/www.stempd.net\/tr\/wp-json\/wp\/v2\/pages"}],"about":[{"href":"https:\/\/www.stempd.net\/tr\/wp-json\/wp\/v2\/types\/page"}],"author":[{"embeddable":true,"href":"https:\/\/www.stempd.net\/tr\/wp-json\/wp\/v2\/users\/1"}],"replies":[{"embeddable":true,"href":"https:\/\/www.stempd.net\/tr\/wp-json\/wp\/v2\/comments?post=24"}],"version-history":[{"count":26,"href":"https:\/\/www.stempd.net\/tr\/wp-json\/wp\/v2\/pages\/24\/revisions"}],"predecessor-version":[{"id":7958,"href":"https:\/\/www.stempd.net\/tr\/wp-json\/wp\/v2\/pages\/24\/revisions\/7958"}],"wp:attachment":[{"href":"https:\/\/www.stempd.net\/tr\/wp-json\/wp\/v2\/media?parent=24"}],"curies":[{"name":"wp","href":"https:\/\/api.w.org\/{rel}","templated":true}]}}