{"id":2666,"date":"2019-09-27T18:53:30","date_gmt":"2019-09-27T18:53:30","guid":{"rendered":"http:\/\/www.stempd.net\/?page_id=2666"},"modified":"2026-03-23T20:43:23","modified_gmt":"2026-03-23T20:43:23","slug":"registration-page","status":"publish","type":"page","link":"https:\/\/www.stempd.net\/tr\/registration-page\/","title":{"rendered":"Registration"},"content":{"rendered":"<section class=\"vc_row wpb_row vc_row-fluid\" style=\"color: \"><div class=\"container\"><div class=\"row\"><div class=\"wpb_column vc_column_container vc_col-sm-12\"><div class=\"vc_column-inner\"><div class=\"wpb_wrapper\">\n    \t<h1 class=\"section-title\"><span data-animation=\"fadeInRight\" data-animation-delay=\"500\" class=\"title-inner\"><span class=\"title\"> Registration <\/span><small><\/small>\n\t        \t\t<\/span>\n\t    <\/h1>\n    <\/div><\/div><\/div><\/div><\/div><\/section><section class=\"vc_row wpb_row vc_row-fluid\" style=\"color: \"><div class=\"container\"><div class=\"row\"><div class=\"wpb_column vc_column_container vc_col-sm-2\"><div class=\"vc_column-inner\"><div class=\"wpb_wrapper\"><\/div><\/div><\/div><div class=\"wpb_column vc_column_container vc_col-sm-8\"><div class=\"vc_column-inner\"><div class=\"wpb_wrapper\">\n\t<div class=\"wpb_text_column wpb_content_element\" >\n\t\t<div class=\"wpb_wrapper\">\n\t\t\t<div class=\"x-el x-el-div c1-1 c1-2 c1-2e c1-42 c1-43 c1-6f c1-1q c1-45 c1-6o c1-46 c1-b c1-c c1-48 c1-49 c1-4a c1-4b c1-d c1-e c1-f c1-g x-d-ux\" data-ux=\"Grid\">\n<div class=\"x-el x-el-div c1-1 c1-2 c1-42 c1-4n c1-4o c1-6i c1-v c1-2m c1-3h c1-2o c1-3g c1-b c1-c c1-4h c1-4i c1-4j c1-4k c1-d c1-e c1-f c1-g x-d-ux\" data-ux=\"GridCell\">\n<h3 class=\"x-el x-el-h3 c1-1 c1-2 c1-1f c1-1g c1-5q c1-5e c1-5r c1-2y c1-2g c1-2h c1-1q c1-1r c1-16 c1-5f c1-5g c1-5h c1-5i x-d-ux x-d-field-id x-d-field-route x-d-aid\" data-ux=\"HeadingMiddle\" data-field-id=\"menu.category\" data-field-route=\"\/menu\/0\" data-aid=\"MENU_SECTION_TITLE_0\"><span style=\"color: #339966;\">You may join the conference as a presenter or an audience.\u00a0<\/span><\/h3>\n<p>&nbsp;<\/p>\n<p><strong>Important Dates\u00a0\u00a0\u00a0\u00a0\u00a0\u00a0\u00a0\u00a0\u00a0\u00a0\u00a0\u00a0\u00a0\u00a0\u00a0\u00a0\u00a0\u00a0\u00a0\u00a0\u00a0\u00a0\u00a0\u00a0\u00a0\u00a0\u00a0\u00a0\u00a0\u00a0\u00a0\u00a0\u00a0\u00a0\u00a0\u00a0\u00a0\u00a0\u00a0\u00a0\u00a0\u00a0\u00a0\u00a0\u00a0\u00a0\u00a0\u00a0\u00a0\u00a0\u00a0\u00a0\u00a0\u00a0\u00a0\u00a0\u00a0\u00a0\u00a0\u00a0\u00a0 Registration fee<\/strong><\/p>\n<\/div>\n<\/div>\n<table width=\"500\">\n<tbody>\n<tr>\n<td width=\"246\">\n<p data-ux=\"Block\"><strong>Early bird registration \u00a0(Until June 15, 2026) *<\/strong><\/p>\n<\/td>\n<td width=\"116\"><\/td>\n<td width=\"138\"><strong><strong>120 Euro *<\/strong><\/strong><\/td>\n<\/tr>\n<tr>\n<td><\/td>\n<td><\/td>\n<td><\/td>\n<\/tr>\n<tr>\n<td><strong>Regular registration (From June 16 to September 01, 2026)<\/strong><\/td>\n<td><\/td>\n<td><strong>140 Euro<\/strong><\/td>\n<\/tr>\n<tr>\n<td><\/td>\n<td><\/td>\n<td><\/td>\n<\/tr>\n<tr>\n<td><strong>On-site registration<\/strong><\/p>\n<p><strong>(September 19-20, 2026)<\/strong><\/td>\n<td><\/td>\n<td><strong>175 Euro<\/strong><\/td>\n<\/tr>\n<tr>\n<td><\/td>\n<td><\/td>\n<td><\/td>\n<\/tr>\n<tr>\n<td><\/td>\n<\/tr>\n<\/tbody>\n<\/table>\n<div class=\"x-el x-el-div c1-1 c1-2 c1-6p c1-6q c1-6r c1-b c1-c c1-d c1-e c1-f c1-g x-d-ux\" data-ux=\"Block\">\n<div class=\"x-el x-el-div c1-1 c1-2 c1-b c1-c c1-d c1-e c1-f c1-g x-d-ux\" data-ux=\"Block\">\n<div class=\"x-el x-el-div c1-1 c1-2 c1-6s c1-6t c1-6u c1-4 c1-6v c1-6j c1-b c1-c c1-d c1-e c1-f c1-g x-d-ux x-d-aid\" data-ux=\"Block\" data-aid=\"MENU_ITEM_REGULARONL\">\n<div class=\"x-el x-el-div c1-1 c1-2 c1-2e c1-12 c1-4 c1-59 c1-3t c1-b c1-c c1-6w c1-d c1-e c1-f c1-g x-d-ux\" data-ux=\"Block\"><\/div>\n<\/div>\n<\/div>\n<div class=\"x-el x-el-div c1-1 c1-2 c1-b c1-c c1-d c1-e c1-f c1-g x-d-ux\" data-ux=\"Block\">\n<div class=\"x-el x-el-div c1-1 c1-2 c1-6s c1-6t c1-6u c1-4 c1-6v c1-6j c1-b c1-c c1-d c1-e c1-f c1-g x-d-ux x-d-aid\" data-ux=\"Block\" data-aid=\"MENU_ITEM_ONSITEREGI\">\n<div class=\"x-el x-el-div c1-1 c1-2 c1-2e c1-42 c1-43 c1-6f c1-1q c1-45 c1-1r c1-46 c1-b c1-c c1-48 c1-49 c1-4a c1-4b c1-d c1-e c1-f c1-g x-d-ux\" data-ux=\"Grid\">\n<div class=\"x-el x-el-div c1-1 c1-2 c1-42 c1-4n c1-4o c1-6i c1-v c1-2m c1-3h c1-2o c1-3g c1-b c1-c c1-76 c1-77 c1-4h c1-4i c1-4j c1-4k c1-d c1-e c1-f c1-g x-d-ux\" data-ux=\"GridCell\">\n<p>&nbsp;<\/p>\n<p><strong> * <\/strong>This conference is partially funded by an EU project. If your proposal is accepted, you will receive a code that allows you to register for the conference &#8220;<strong>free of charge<\/strong>&#8221; until June 15, 2026.<\/p>\n<p><strong> * <\/strong>A limited number of bursary-supported spots are also available for those who wish to attend as the audience. Bursary recipients will be provided with a personal registration code that allows them to register for the conference &#8220;<strong>free of charge<\/strong>&#8220;.<\/p>\n<p>To apply for a bursary as an audience member, please contact the Assoc. Prof. Dr. G\u00f6khan Kaya (<strong>gokhankaya18@gmail.com<\/strong>).&#8221; until June 15, 2026.<\/p>\n<hr \/>\n<\/div>\n<\/div>\n<\/div>\n<\/div>\n<div class=\"x-el x-el-div c1-1 c1-2 c1-b c1-c c1-d c1-e c1-f c1-g x-d-ux\" data-ux=\"Block\">\n<div class=\"x-el x-el-div c1-1 c1-2 c1-6s c1-6t c1-6u c1-4 c1-6v c1-6j c1-b c1-c c1-d c1-e c1-f c1-g x-d-ux x-d-aid\" data-ux=\"Block\" data-aid=\"MENU_ITEM_REGISTRATI\">\n<div class=\"x-el x-el-div c1-1 c1-2 c1-2e c1-12 c1-4 c1-59 c1-3t c1-b c1-c c1-6w c1-d c1-e c1-f c1-g x-d-ux\" data-ux=\"Block\">\n<h4 class=\"x-el x-el-h4 c1-1 c1-2 c1-1f c1-1g c1-5q c1-4s c1-6x c1-2y c1-2g c1-2h c1-1q c1-1r c1-b c1-6y c1-6z c1-4a c1-4t c1-4u c1-4v c1-4w x-d-ux x-d-field-id x-d-field-route x-d-aid\" data-ux=\"HeadingMinor\" data-field-id=\"menu.items.title\" data-field-route=\"\/menu\/0\/items\/2\" data-aid=\"MENU_SECTION0_ITEM2_TITLE\"><strong>Kay\u0131t \u00fccretine dahil olan hizmetler:<\/strong><\/h4>\n<\/div>\n<div class=\"x-el x-el-div c1-1 c1-2 c1-2e c1-42 c1-43 c1-6f c1-1q c1-45 c1-1r c1-46 c1-b c1-c c1-48 c1-49 c1-4a c1-4b c1-d c1-e c1-f c1-g x-d-ux\" data-ux=\"Grid\">\n<div class=\"x-el x-el-div c1-1 c1-2 c1-42 c1-4n c1-4o c1-6i c1-v c1-2m c1-3h c1-2o c1-3g c1-b c1-c c1-76 c1-77 c1-4h c1-4i c1-4j c1-4k c1-d c1-e c1-f c1-g x-d-ux\" data-ux=\"GridCell\">\n<div class=\"x-el x-el-p c1-1 c1-2 c1-1f c1-1g c1-3u c1-78 c1-c c1-2y c1-1q c1-1r c1-b c1-d c1-e c1-f c1-g x-d-ux x-d-field-id x-d-field-route x-d-aid x-rt\" data-ux=\"Text\" data-field-id=\"menu.items.description\" data-field-route=\"\/menu\/0\/items\/2\" data-aid=\"MENU_SECTION0_ITEM2_DESC\">\n<ul>\n<li class=\"x-el x-el-span c1-7d c1-7e c1-b c1-c c1-d c1-e c1-f c1-g x-d-ux\">Access to all sessions within the scope of the \u201c7th International STEM Education Conference\u201d and the \u201c7th International Teachers Conference\u201d,<\/li>\n<li class=\"x-el x-el-span c1-7d c1-7e c1-b c1-c c1-d c1-e c1-f c1-g x-d-ux\">Kahve-\u00c7ay ikramlar\u0131,<\/li>\n<li class=\"x-el x-el-span c1-7d c1-7e c1-b c1-c c1-d c1-e c1-f c1-g x-d-ux\">\u00d6\u011fle yeme\u011fi,<\/li>\n<li class=\"x-el x-el-span c1-7d c1-7e c1-b c1-c c1-d c1-e c1-f c1-g x-d-ux\">Kat\u0131l\u0131m sertifikas\u0131.<\/li>\n<\/ul>\n<\/div>\n<\/div>\n<\/div>\n<\/div>\n<\/div>\n<\/div>\n\n\t\t<\/div>\n\t<\/div>\n<div class=\"vc_empty_space\"   style=\"height: 32px\" ><span class=\"vc_empty_space_inner\"><\/span><\/div>\n<\/div><\/div><\/div><div class=\"wpb_column vc_column_container vc_col-sm-2\"><div class=\"vc_column-inner\"><div class=\"wpb_wrapper\"><\/div><\/div><\/div><\/div><\/div><\/section><section class=\"vc_row wpb_row vc_row-fluid\" style=\"color: \"><div class=\"container\"><div class=\"row\"><div class=\"wpb_column vc_column_container vc_col-sm-12\"><div class=\"vc_column-inner\"><div class=\"wpb_wrapper\"><\/div><\/div><\/div><\/div><\/div><\/section><br \/>\n<section class=\"vc_row wpb_row vc_row-fluid\" style=\"color: \"><div class=\"container\"><div class=\"row\"><div class=\"wpb_column vc_column_container vc_col-sm-12\"><div class=\"vc_column-inner\"><div class=\"wpb_wrapper\">\n    \t<div class=\"text-center margin-top\">\n            <a data-animation=\"fadeInUp\" data-animation-delay=\"100\" href=\"https:\/\/www.stempd.net\/payment\/conference-registration\/\" target=\"\" class=\"btn btn-theme btn-theme-grey-dark btn-theme-md\"><i class=\"fa\"><\/i> CLICK HERE FOR ONLINE PAYMENT<\/a>\n        <\/div>\n    <\/div><\/div><\/div><\/div><\/div><\/section>","protected":false},"excerpt":{"rendered":"Registration You may join the conference as a presenter or an audience.\u00a0 &nbsp; Important Dates\u00a0\u00a0\u00a0\u00a0\u00a0\u00a0\u00a0\u00a0\u00a0\u00a0\u00a0\u00a0\u00a0\u00a0\u00a0\u00a0\u00a0\u00a0\u00a0\u00a0\u00a0\u00a0\u00a0\u00a0\u00a0\u00a0\u00a0\u00a0\u00a0\u00a0\u00a0\u00a0\u00a0\u00a0\u00a0\u00a0\u00a0\u00a0\u00a0\u00a0\u00a0\u00a0\u00a0\u00a0\u00a0\u00a0\u00a0\u00a0\u00a0\u00a0\u00a0\u00a0\u00a0\u00a0\u00a0\u00a0\u00a0\u00a0\u00a0\u00a0\u00a0 Registration fee Early bird registration \u00a0(Until June 15, 2026) * 120 Euro * Regular registration (From June 16 to September 01, 2026) 140 Euro On-site registration (September 19-20, 2026) 175 Euro &nbsp; * This conference is partially funded by an [...]","protected":false},"author":1,"featured_media":0,"parent":0,"menu_order":0,"comment_status":"closed","ping_status":"closed","template":"","meta":{"footnotes":""},"class_list":["post-2666","page","type-page","status-publish","hentry"],"_links":{"self":[{"href":"https:\/\/www.stempd.net\/tr\/wp-json\/wp\/v2\/pages\/2666","targetHints":{"allow":["GET"]}}],"collection":[{"href":"https:\/\/www.stempd.net\/tr\/wp-json\/wp\/v2\/pages"}],"about":[{"href":"https:\/\/www.stempd.net\/tr\/wp-json\/wp\/v2\/types\/page"}],"author":[{"embeddable":true,"href":"https:\/\/www.stempd.net\/tr\/wp-json\/wp\/v2\/users\/1"}],"replies":[{"embeddable":true,"href":"https:\/\/www.stempd.net\/tr\/wp-json\/wp\/v2\/comments?post=2666"}],"version-history":[{"count":73,"href":"https:\/\/www.stempd.net\/tr\/wp-json\/wp\/v2\/pages\/2666\/revisions"}],"predecessor-version":[{"id":12303,"href":"https:\/\/www.stempd.net\/tr\/wp-json\/wp\/v2\/pages\/2666\/revisions\/12303"}],"wp:attachment":[{"href":"https:\/\/www.stempd.net\/tr\/wp-json\/wp\/v2\/media?parent=2666"}],"curies":[{"name":"wp","href":"https:\/\/api.w.org\/{rel}","templated":true}]}}