{"id":2974,"date":"2019-11-11T11:55:07","date_gmt":"2019-11-11T11:55:07","guid":{"rendered":"https:\/\/www.stempd.net\/?page_id=2974"},"modified":"2026-03-23T20:58:01","modified_gmt":"2026-03-23T20:58:01","slug":"ozet-gonder","status":"publish","type":"page","link":"https:\/\/www.stempd.net\/tr\/ozet-gonder\/","title":{"rendered":"\u00d6zet G\u00f6nder"},"content":{"rendered":"<section class=\"vc_row wpb_row vc_row-fluid\" style=\"color: \"><div class=\"container\"><div class=\"row\"><div class=\"wpb_column vc_column_container vc_col-sm-12\"><div class=\"vc_column-inner\"><div class=\"wpb_wrapper\">\n\t<div class=\"wpb_text_column wpb_content_element\" >\n\t\t<div class=\"wpb_wrapper\">\n\t\t\t<p>\u00d6zetler a\u015fa\u011f\u0131daki link arac\u0131l\u0131\u011f\u0131yla online yap\u0131lmal\u0131d\u0131r.<\/p>\n<p><a href=\"https:\/\/www.stempd.net\/tr\/log-in\/\"  style=\"margin: 0px 20px 20px 0px\" class=\"btn btn-theme animated flipInY visible  btn-theme-xl\" data-animation=\"flipInY\" data-animation-delay=\"200\">\u00d6ZET G\u00d6NDER <i class=\"fa fa-arrow-circle-right\"><\/i><\/a><a href=\"https:\/\/www.stempd.net\/kayit-sayfasi\/\"  style=\"margin: 0px 20px 20px 0px\" class=\"btn btn-theme animated flipInY visible  btn-theme-xl\" data-animation=\"flipInY\" data-animation-delay=\"200\">KAYIT OL <i class=\"fa fa-arrow-circle-right\"><\/i><\/a><\/p>\n<p><strong>Konferans bildiri formatlar\u0131 \u015fu \u015fekildedir:<\/strong><\/p>\n<p>Uluslararas\u0131 \u00d6\u011fretmenler Konferans\u0131, \u00f6rnek e\u011fitim materyallerinin payla\u015f\u0131m\u0131na imk\u00e2n yaratan bir platformdur. Formal, informal ve non-formal ortamlarda kullan\u0131labilecek t\u00fcm etkinlikler konferansta payla\u015f\u0131labilir. \u00d6zet g\u00f6nderme \u015fablonuna uygun olan \u00e7al\u0131\u015fman\u0131z\u0131\u00a0 online olarak g\u00f6nderebilirsiniz. \u00d6zeti T\u00fcrk\u00e7e veya \u0130ngilizce olarak g\u00f6nderebilirsiniz. <strong>Ancak konferansta sunum dili \u00f6zetin g\u00f6nderildi\u011fi dilde olmal\u0131d\u0131r.\u00a0<\/strong><\/p>\n<p><strong>S\u00f6zl\u00fc Sunum:<\/strong> 20 dakikal\u0131k s\u00f6zl\u00fc sunum ve 10 dakika soru, cevap, tart\u0131\u015fma, \u00f6neri olmak \u00fczere 30 dakikadan olu\u015fmaktad\u0131r. S\u00f6zl\u00fc sunum i\u00e7in ba\u015fl\u0131k ve referanslar dahil geni\u015fletilmi\u015f bir \u00f6zet g\u00f6nderilmesi gerekmektedir.<\/p>\n<p><strong>\u00c7al\u0131\u015ftay\/At\u00f6lye:<\/strong> Bu format, at\u00f6lye liderinin yenilik\u00e7i bir yakla\u015f\u0131m, bir \u00f6\u011fretme veya ara\u015ft\u0131rma arac\u0131, bir \u00f6\u011fretme-\u00f6\u011frenme dizisi veya iyi uygulamalar\u0131n kat\u0131l\u0131mc\u0131lara g\u00f6sterilmesine, a\u00e7\u0131klanmas\u0131na ve deneyimlenmesine f\u0131rsat sa\u011flar. At\u00f6lye \u00e7al\u0131\u015fmalar\u0131 60 dakikadan olu\u015fmaktad\u0131r.<\/p>\n<p><strong>STEM Expo,<\/strong> e\u011fitim firmalar\u0131n\u0131n STEM e\u011fitimine y\u00f6nelik etkinliklerine ve etkile\u015fimli sergiler dahil \u00fcr\u00fcnlerini, hizmetlerini ve bilgilerini sergileyebilmelerine f\u0131rsat sa\u011flamaktad\u0131r.<\/p>\n<p><em><strong>\u00d6zetinizi a\u015fa\u011f\u0131daki \u015fablona g\u00f6re haz\u0131rlayarak sisteme y\u00fckleyebilirsiniz.\u00a0<\/strong><\/em><\/p>\n<p><strong><a href=\"https:\/\/www.stempd.net\/wp-content\/uploads\/2025\/06\/Bildiri-Sablonu_Ogretmenler-Konferansi-2026.docx\">7. Uluslararas\u0131 \u00d6\u011fretmenler Konferans\u0131 \u00d6zet \u015eablonu<\/a><\/strong> (TR)<\/p>\n<p><strong>\u0130leti\u015fim<\/strong><br \/>\nKonferans ile ilgili sorular\u0131n\u0131z i\u00e7in Do\u00e7. Dr. G\u00f6khan Kaya (gokhankaya18@gmail.com)\u00a0ile ileti\u015fime ge\u00e7ebilirsiniz.<\/p>\n\n\t\t<\/div>\n\t<\/div>\n<\/div><\/div><\/div><\/div><\/div><\/section>","protected":false},"excerpt":{"rendered":"\u00d6zetler a\u015fa\u011f\u0131daki link arac\u0131l\u0131\u011f\u0131yla online yap\u0131lmal\u0131d\u0131r. \u00d6ZET G\u00d6NDER KAYIT OL Konferans bildiri formatlar\u0131 \u015fu \u015fekildedir: Uluslararas\u0131 \u00d6\u011fretmenler Konferans\u0131, \u00f6rnek e\u011fitim materyallerinin payla\u015f\u0131m\u0131na imk\u00e2n yaratan bir platformdur. Formal, informal ve non-formal ortamlarda kullan\u0131labilecek t\u00fcm etkinlikler konferansta payla\u015f\u0131labilir. \u00d6zet g\u00f6nderme \u015fablonuna uygun olan \u00e7al\u0131\u015fman\u0131z\u0131\u00a0 online olarak g\u00f6nderebilirsiniz. \u00d6zeti T\u00fcrk\u00e7e veya \u0130ngilizce olarak g\u00f6nderebilirsiniz. Ancak konferansta sunum dili [...]","protected":false},"author":1,"featured_media":0,"parent":0,"menu_order":0,"comment_status":"closed","ping_status":"closed","template":"","meta":{"footnotes":""},"class_list":["post-2974","page","type-page","status-publish","hentry"],"_links":{"self":[{"href":"https:\/\/www.stempd.net\/tr\/wp-json\/wp\/v2\/pages\/2974","targetHints":{"allow":["GET"]}}],"collection":[{"href":"https:\/\/www.stempd.net\/tr\/wp-json\/wp\/v2\/pages"}],"about":[{"href":"https:\/\/www.stempd.net\/tr\/wp-json\/wp\/v2\/types\/page"}],"author":[{"embeddable":true,"href":"https:\/\/www.stempd.net\/tr\/wp-json\/wp\/v2\/users\/1"}],"replies":[{"embeddable":true,"href":"https:\/\/www.stempd.net\/tr\/wp-json\/wp\/v2\/comments?post=2974"}],"version-history":[{"count":26,"href":"https:\/\/www.stempd.net\/tr\/wp-json\/wp\/v2\/pages\/2974\/revisions"}],"predecessor-version":[{"id":12305,"href":"https:\/\/www.stempd.net\/tr\/wp-json\/wp\/v2\/pages\/2974\/revisions\/12305"}],"wp:attachment":[{"href":"https:\/\/www.stempd.net\/tr\/wp-json\/wp\/v2\/media?parent=2974"}],"curies":[{"name":"wp","href":"https:\/\/api.w.org\/{rel}","templated":true}]}}