{"id":2980,"date":"2019-11-11T13:09:23","date_gmt":"2019-11-11T13:09:23","guid":{"rendered":"https:\/\/www.stempd.net\/?page_id=2980"},"modified":"2025-06-23T21:01:38","modified_gmt":"2025-06-23T21:01:38","slug":"kayit-sayfasi","status":"publish","type":"page","link":"https:\/\/www.stempd.net\/tr\/kayit-sayfasi\/","title":{"rendered":"Konferans Kay\u0131t Sayfas\u0131"},"content":{"rendered":"<section class=\"vc_row wpb_row vc_row-fluid\" style=\"color: \"><div class=\"container\"><div class=\"row\"><div class=\"wpb_column vc_column_container vc_col-sm-12\"><div class=\"vc_column-inner\"><div class=\"wpb_wrapper\">\n    \t<h1 class=\"section-title\"><span data-animation=\"fadeInRight\" data-animation-delay=\"500\" class=\"title-inner\"><span class=\"title\"> Kay\u0131t Sayfas\u0131 <\/span><small><\/small>\n\t        \t\t<\/span>\n\t    <\/h1>\n    <\/div><\/div><\/div><\/div><\/div><\/section><section class=\"vc_row wpb_row vc_row-fluid\" style=\"color: \"><div class=\"container\"><div class=\"row\"><div class=\"wpb_column vc_column_container vc_col-sm-2\"><div class=\"vc_column-inner\"><div class=\"wpb_wrapper\"><\/div><\/div><\/div><div class=\"wpb_column vc_column_container vc_col-sm-8\"><div class=\"vc_column-inner\"><div class=\"wpb_wrapper\">\n\t<div class=\"wpb_text_column wpb_content_element\" >\n\t\t<div class=\"wpb_wrapper\">\n\t\t\t<div class=\"x-el x-el-div c1-1 c1-2 c1-2e c1-42 c1-43 c1-6f c1-1q c1-45 c1-6o c1-46 c1-b c1-c c1-48 c1-49 c1-4a c1-4b c1-d c1-e c1-f c1-g x-d-ux\" data-ux=\"Grid\">\n<div class=\"x-el x-el-div c1-1 c1-2 c1-42 c1-4n c1-4o c1-6i c1-v c1-2m c1-3h c1-2o c1-3g c1-b c1-c c1-4h c1-4i c1-4j c1-4k c1-d c1-e c1-f c1-g x-d-ux\" data-ux=\"GridCell\">\n<h3 class=\"x-el x-el-h3 c1-1 c1-2 c1-1f c1-1g c1-5q c1-5e c1-5r c1-2y c1-2g c1-2h c1-1q c1-1r c1-16 c1-5f c1-5g c1-5h c1-5i x-d-ux x-d-field-id x-d-field-route x-d-aid\" data-ux=\"HeadingMiddle\" data-field-id=\"menu.category\" data-field-route=\"\/menu\/0\" data-aid=\"MENU_SECTION_TITLE_0\"><span style=\"color: #339966;\">Konferansa bildiri g\u00f6ndererek ya da dinleyici olarak kat\u0131labilirsiniz.<\/span><\/h3>\n<\/div>\n<\/div>\n<table width=\"500\">\n<tbody>\n<tr>\n<td width=\"246\">\n<p data-ux=\"Block\"><strong>Erken kay\u0131t <span style=\"color: #ff0000;\">*<\/span><\/strong><\/p>\n<\/td>\n<td width=\"116\"><\/td>\n<td width=\"138\"><strong>\u00a0120 Euro <span style=\"color: #ff0000;\">* <\/span><\/strong><\/td>\n<\/tr>\n<tr>\n<td>30 Temmuz 2025 <strong><span style=\"color: #ff0000;\">*<\/span><\/strong><\/td>\n<td><\/td>\n<td><\/td>\n<\/tr>\n<tr>\n<td><strong>Normal kay\u0131t<\/strong><\/td>\n<td><\/td>\n<td><strong>\u00a0140 Euro<\/strong><\/td>\n<\/tr>\n<tr>\n<td>1 A\u011fustos -30 Eyl\u00fcl<\/td>\n<td><\/td>\n<td><\/td>\n<\/tr>\n<tr>\n<td><strong>Ge\u00e7 kay\u0131t (Konferans g\u00fcn\u00fc kay\u0131t masas\u0131nda yap\u0131lan kay\u0131t)<\/strong><\/td>\n<td><\/td>\n<td><strong>175 Euro<\/strong><\/td>\n<\/tr>\n<tr>\n<td><\/td>\n<td><\/td>\n<td><\/td>\n<\/tr>\n<tr>\n<td><\/td>\n<\/tr>\n<\/tbody>\n<\/table>\n<div class=\"x-el x-el-div c1-1 c1-2 c1-6p c1-6q c1-6r c1-b c1-c c1-d c1-e c1-f c1-g x-d-ux\" data-ux=\"Block\">\n<div class=\"x-el x-el-div c1-1 c1-2 c1-b c1-c c1-d c1-e c1-f c1-g x-d-ux\" data-ux=\"Block\">\n<div class=\"x-el x-el-div c1-1 c1-2 c1-6s c1-6t c1-6u c1-4 c1-6v c1-6j c1-b c1-c c1-d c1-e c1-f c1-g x-d-ux x-d-aid\" data-ux=\"Block\" data-aid=\"MENU_ITEM_ONSITEREGI\">\n<div class=\"x-el x-el-div c1-1 c1-2 c1-2e c1-42 c1-43 c1-6f c1-1q c1-45 c1-1r c1-46 c1-b c1-c c1-48 c1-49 c1-4a c1-4b c1-d c1-e c1-f c1-g x-d-ux\" data-ux=\"Grid\">\n<div class=\"x-el x-el-div c1-1 c1-2 c1-42 c1-4n c1-4o c1-6i c1-v c1-2m c1-3h c1-2o c1-3g c1-b c1-c c1-76 c1-77 c1-4h c1-4i c1-4j c1-4k c1-d c1-e c1-f c1-g x-d-ux\" data-ux=\"GridCell\">\n<p><strong><span style=\"color: #ff0000;\">* <\/span><\/strong>\u2060Bu konferans k\u0131smen bir AB projesi taraf\u0131ndan finanse edilmektedir. Konferans \u00f6zetiniz kabul edildikten sonra, size g\u00f6nderilecek <strong>bir kod<\/strong> arac\u0131l\u0131\u011f\u0131yla konferansa 30 Temmuz 2025 tarihine kadar &#8220;<strong>\u00fccretsiz<\/strong>&#8221; olarak kaydolabilirsiniz.<\/p>\n<p><strong><span style=\"color: #ff0000;\">* <\/span><\/strong>\u2060Dinleyici olarak kat\u0131lmak isteyenler i\u00e7in de s\u0131n\u0131rl\u0131 say\u0131da <strong>burslu kat\u0131l\u0131m<\/strong> imk\u00e2n\u0131 mevcuttur. Burslu dinleyicilere, konferansa \u201c<strong>\u00fccretsiz<\/strong>\u201d olarak kay\u0131t olmalar\u0131n\u0131 sa\u011flayan ki\u015fisel bir <strong>kay\u0131t kodu<\/strong>\u00a0g\u00f6nderilecektir. Bu imk\u00e2ndan yararlanmak isteyenler Do\u00e7. Dr. G\u00f6khan Kaya (<strong>gokhankaya18@gmail.com<\/strong>) ile 30 Temmuz 2025 tarihine kadar ileti\u015fime ge\u00e7melidir.<\/p>\n<p>&nbsp;<\/p>\n<\/div>\n<\/div>\n<\/div>\n<\/div>\n<div class=\"x-el x-el-div c1-1 c1-2 c1-b c1-c c1-d c1-e c1-f c1-g x-d-ux\" data-ux=\"Block\">\n<div class=\"x-el x-el-div c1-1 c1-2 c1-6s c1-6t c1-6u c1-4 c1-6v c1-6j c1-b c1-c c1-d c1-e c1-f c1-g x-d-ux x-d-aid\" data-ux=\"Block\" data-aid=\"MENU_ITEM_REGISTRATI\">\n<div class=\"x-el x-el-div c1-1 c1-2 c1-2e c1-12 c1-4 c1-59 c1-3t c1-b c1-c c1-6w c1-d c1-e c1-f c1-g x-d-ux\" data-ux=\"Block\">\n<p><strong>Kay\u0131t \u00fccretine dahil olan hizmetler:<\/strong><\/p>\n<ul>\n<li>\u201cThe 6th International STEM Education Conference &amp; The European ICSE Science Factory Conference\u201d ve \u201c6. Uluslararas\u0131 \u00d6\u011fretmenler Konferans\u0131\u201d kapsam\u0131ndaki b\u00fct\u00fcn oturumlara giri\u015f hakk\u0131,<\/li>\n<li>Kahve-\u00c7ay ikramlar\u0131,<\/li>\n<li>\u00d6\u011fle yeme\u011fi,<\/li>\n<li>Kat\u0131l\u0131m sertifikas\u0131.<\/li>\n<\/ul>\n<\/div>\n<\/div>\n<\/div>\n<\/div>\n\n\t\t<\/div>\n\t<\/div>\n<div class=\"vc_empty_space\"   style=\"height: 32px\" ><span class=\"vc_empty_space_inner\"><\/span><\/div>\n<\/div><\/div><\/div><div class=\"wpb_column vc_column_container vc_col-sm-2\"><div class=\"vc_column-inner\"><div class=\"wpb_wrapper\"><\/div><\/div><\/div><\/div><\/div><\/section><section class=\"vc_row wpb_row vc_row-fluid\" style=\"color: \"><div class=\"container\"><div class=\"row\"><div class=\"wpb_column vc_column_container vc_col-sm-12\"><div class=\"vc_column-inner\"><div class=\"wpb_wrapper\">\n\t<div class=\"wpb_text_column wpb_content_element\" >\n\t\t<div class=\"wpb_wrapper\">\n\t\t\t<p><\/p>\n\n\t\t<\/div>\n\t<\/div>\n<\/div><\/div><\/div><\/div><\/div><\/section><section class=\"vc_row wpb_row vc_row-fluid\" style=\"color: \"><div class=\"container\"><div class=\"row\"><div class=\"wpb_column vc_column_container vc_col-sm-12\"><div class=\"vc_column-inner\"><div class=\"wpb_wrapper\">\n    \t<div class=\"text-center margin-top\">\n            <a data-animation=\"fadeInUp\" data-animation-delay=\"100\" href=\"https:\/\/www.stempd.net\/tr\/payment\/conference-registration\/\" target=\"\" class=\"btn btn-theme btn-theme-grey-dark btn-theme-md\"><i class=\"fa\"><\/i> ONLINE \u00d6DEME \u0130\u00c7\u0130N TIKLAYINIZ<\/a>\n        <\/div>\n    <\/div><\/div><\/div><\/div><\/div><\/section>","protected":false},"excerpt":{"rendered":"Kay\u0131t Sayfas\u0131 Konferansa bildiri g\u00f6ndererek ya da dinleyici olarak kat\u0131labilirsiniz. Erken kay\u0131t * \u00a0120 Euro * 30 Temmuz 2025 * Normal kay\u0131t \u00a0140 Euro 1 A\u011fustos -30 Eyl\u00fcl Ge\u00e7 kay\u0131t (Konferans g\u00fcn\u00fc kay\u0131t masas\u0131nda yap\u0131lan kay\u0131t) 175 Euro * \u2060Bu konferans k\u0131smen bir AB projesi taraf\u0131ndan finanse edilmektedir. Konferans \u00f6zetiniz kabul edildikten sonra, size g\u00f6nderilecek [...]","protected":false},"author":1,"featured_media":0,"parent":0,"menu_order":0,"comment_status":"closed","ping_status":"closed","template":"","meta":{"footnotes":""},"class_list":["post-2980","page","type-page","status-publish","hentry"],"_links":{"self":[{"href":"https:\/\/www.stempd.net\/tr\/wp-json\/wp\/v2\/pages\/2980","targetHints":{"allow":["GET"]}}],"collection":[{"href":"https:\/\/www.stempd.net\/tr\/wp-json\/wp\/v2\/pages"}],"about":[{"href":"https:\/\/www.stempd.net\/tr\/wp-json\/wp\/v2\/types\/page"}],"author":[{"embeddable":true,"href":"https:\/\/www.stempd.net\/tr\/wp-json\/wp\/v2\/users\/1"}],"replies":[{"embeddable":true,"href":"https:\/\/www.stempd.net\/tr\/wp-json\/wp\/v2\/comments?post=2980"}],"version-history":[{"count":63,"href":"https:\/\/www.stempd.net\/tr\/wp-json\/wp\/v2\/pages\/2980\/revisions"}],"predecessor-version":[{"id":9974,"href":"https:\/\/www.stempd.net\/tr\/wp-json\/wp\/v2\/pages\/2980\/revisions\/9974"}],"wp:attachment":[{"href":"https:\/\/www.stempd.net\/tr\/wp-json\/wp\/v2\/media?parent=2980"}],"curies":[{"name":"wp","href":"https:\/\/api.w.org\/{rel}","templated":true}]}}