{"id":3922,"date":"2021-01-10T10:19:21","date_gmt":"2021-01-10T10:19:21","guid":{"rendered":"https:\/\/www.stempd.net\/?page_id=3922"},"modified":"2025-04-15T18:01:08","modified_gmt":"2025-04-15T18:01:08","slug":"pay","status":"publish","type":"page","link":"https:\/\/www.stempd.net\/tr\/pay\/","title":{"rendered":"\u00d6de"},"content":{"rendered":"<section class=\"vc_row wpb_row vc_row-fluid\" style=\"color: \"><div class=\"container\"><div class=\"row\"><div class=\"wpb_column vc_column_container vc_col-sm-3\"><div class=\"vc_column-inner\"><div class=\"wpb_wrapper\"><\/div><\/div><\/div><div class=\"wpb_column vc_column_container vc_col-sm-3\"><div class=\"vc_column-inner\"><div class=\"wpb_wrapper\"><\/div><\/div><\/div><div class=\"wpb_column vc_column_container vc_col-sm-3\"><div class=\"vc_column-inner\"><div class=\"wpb_wrapper\"><\/div><\/div><\/div><div class=\"wpb_column vc_column_container vc_col-sm-3\"><div class=\"vc_column-inner\"><div class=\"wpb_wrapper\">\n\t<div class=\"wpb_text_column wpb_content_element\" >\n\t\t<div class=\"wpb_wrapper\">\n\t\t\t<table width=\"115\">\n<tbody>\n<tr>\n<td width=\"114\"><strong><a href=\"https:\/\/www.stempd.net\/tr\/pay\/\">T\u00fcrk\u00e7e<\/a><\/strong><\/td>\n<td width=\"16\"><a href=\"https:\/\/www.stempd.net\/pay\/\"><strong>English<\/strong><\/a><\/td>\n<\/tr>\n<\/tbody>\n<\/table>\n\n\t\t<\/div>\n\t<\/div>\n<\/div><\/div><\/div><\/div><\/div><\/section><section class=\"vc_row wpb_row vc_row-fluid\" style=\"color: \"><div class=\"container\"><div class=\"row\"><div class=\"wpb_column vc_column_container vc_col-sm-12\"><div class=\"vc_column-inner\"><div class=\"wpb_wrapper\">\n\t<div class=\"wpb_text_column wpb_content_element\" >\n\t\t<div class=\"wpb_wrapper\">\n\t\t\t<table id=\"cart\" class=\"table table-hover table-condensed\">\n<thead>\n<tr>\n<th><strong>KRED\u0130 KARTI \u0130LE \u00d6DEME<\/strong><\/th>\n<\/tr>\n<\/thead>\n<tbody>\n<tr>\n<td class=\" translation-block\"><span style=\"color: red\">Banka \u00d6deme Sayfas\u0131na y\u00f6nlendirileceksiniz. Kredi kart\u0131 bilgileriniz banka taraf\u0131ndan talep edilecek ve hi\u00e7bir sistemde tutulmayacakt\u0131r.<br>\nL\u00fctfen, \u00f6demeniz banka taraf\u0131ndan onayland\u0131ktan sonra sisteme otomatik geri d\u00f6nmeyi bekleyin.\n<br>\u00d6deme sayfas\u0131nda kurum ad\u0131 olarak <strong>\"HACETTEPE B\u0130L\u0130M MERKEZ\u0130\"<\/strong> g\u00f6r\u00fcnecektir.<\/span><\/td>\n<\/tr>\n<\/tbody>\n<\/table>\n<p>Kay\u0131t \u00fccretine dahil olan hizmetler:<\/p>\n<ul>\n<li>\u201cInternational STEM Education Conference\u201d ve \u201cUluslararas\u0131 \u00d6\u011fretmenler Konferans\u0131\u201d kapsam\u0131ndaki b\u00fct\u00fcn oturumlara giri\u015f hakk\u0131,<\/li>\n<li>Kahve-\u00c7ay ikramlar\u0131,<\/li>\n<li>\u00d6\u011fle yeme\u011fi,<\/li>\n<li>Kat\u0131l\u0131m sertifikas\u0131.<\/li>\n<\/ul>\n\n\t\t<\/div>\n\t<\/div>\n<div class=\"vc_empty_space\"   style=\"height: 32px\" ><span class=\"vc_empty_space_inner\"><\/span><\/div>\n<\/div><\/div><\/div><\/div><\/div><\/section><section class=\"vc_row wpb_row vc_row-fluid\" style=\"color: \"><div class=\"container\"><div class=\"row\"><div class=\"wpb_column vc_column_container vc_col-sm-12\"><div class=\"vc_column-inner\"><div class=\"wpb_wrapper\">\n\t<div class=\"wpb_text_column wpb_content_element\" >\n\t\t<div class=\"wpb_wrapper\">\n\t\t\t<table id=\"cart\" class=\"table table-hover table-condensed\" style=\"height: 82px;\" width=\"743\">\n<thead>\n<tr>\n<th>H\u0130ZMET<\/th>\n<th>KDV<\/th>\n<th>TOPLAM<\/th>\n<\/tr>\n<\/thead>\n<tbody>\n<tr>\n<td data-th=\"Product\">\n<div class=\"row\">\n<div class=\"col-sm-12\">\n<h4 class=\"nomargin\">E\u011fitim, Konferans<\/h4>\n<\/div>\n<\/div>\n<\/td>\n<td id=\"pri1\" data-th=\"Price\">Dahil<\/td>\n<td id=\"cost1\" class=\"text-left\" data-th=\"Subtotal\"><input id=\"totalcost\" name=\"totalcost\" readonly=\"readonly\" size=\"5\" type=\"text\" value=\"tbd\" \/><\/td>\n<\/tr>\n<\/tbody>\n<\/table>\n\n\t\t<\/div>\n\t<\/div>\n<div class=\"vc_empty_space\"   style=\"height: 32px\" ><span class=\"vc_empty_space_inner\"><\/span><\/div>\n<\/div><\/div><\/div><\/div><\/div><\/section><section class=\"vc_row wpb_row vc_row-fluid\" style=\"color: \"><div class=\"container\"><div class=\"row\"><div class=\"wpb_column vc_column_container vc_col-sm-12\"><div class=\"vc_column-inner\"><div class=\"wpb_wrapper\">\n\t<div class=\"wpb_text_column wpb_content_element\" >\n\t\t<div class=\"wpb_wrapper\">\n\t\t\t<p style=\"text-align: center;\"><strong>Kredi Kart\u0131 T\u00fcr\u00fcn\u00fcz\u00fc Se\u00e7in<\/strong><\/p>\n<p>&nbsp;<\/p>\n\n\t\t<\/div>\n\t<\/div>\n<\/div><\/div><\/div><\/div><\/div><\/section><section class=\"vc_row wpb_row vc_row-fluid\" style=\"color: \"><div class=\"container\"><div class=\"row\"><div class=\"wpb_column vc_column_container vc_col-sm-6\"><div class=\"vc_column-inner\"><div class=\"wpb_wrapper\">\n    \t<div class=\"text-center margin-top\">\n            <a data-animation=\"fadeInUp\" data-animation-delay=\"100\" href=\"https:\/\/www.stempd.net\/tr\/pd\/?add-to-cart=3935\" target=\"\" class=\"btn btn-theme btn-theme-grey-dark btn-theme-md\"><i class=\"fa\"><\/i> Yurt \u0130\u00e7i Kredi Kart\u0131<\/a>\n        <\/div>\n    \n\t<div class=\"wpb_text_column wpb_content_element\" >\n\t\t<div class=\"wpb_wrapper\">\n\t\t\t<pre><span style=\"color: #ff0000;\">*1567 say\u0131l\u0131 T\u00fcrk Paras\u0131n\u0131n K\u0131ymetini Koruma Kanunu gere\u011fi yurti\u00e7i kredi \nkartlar\u0131ndan T\u00fcrk Liras\u0131 d\u0131\u015f\u0131nda \u00e7ekim yap\u0131lamamaktad\u0131r. Bundan dolay\u0131 \n\u00f6demeniz TCMB g\u00fcncel kuru ile hesaplan\u0131p T\u00fcrk Liras\u0131na \u00e7evrilecektir.<\/span><\/pre>\n\n\t\t<\/div>\n\t<\/div>\n<\/div><\/div><\/div><div class=\"wpb_column vc_column_container vc_col-sm-6\"><div class=\"vc_column-inner\"><div class=\"wpb_wrapper\">\n    \t<div class=\"text-center margin-top\">\n            <a data-animation=\"fadeInUp\" data-animation-delay=\"100\" href=\"https:\/\/www.stempd.net\/pd\/?add-to-cart=3895\" target=\"\" class=\"btn btn-theme btn-theme-grey-dark btn-theme-md\"><i class=\"fa\"><\/i> Yabanc\u0131 Kredi Kart\u0131<\/a>\n        <\/div>\n    <\/div><\/div><\/div><\/div><\/div><\/section>","protected":false},"excerpt":{"rendered":"T\u00fcrk\u00e7e English CREDIT CARD PAYMENT You will be directed to the Bank's Payment Page soon. Your credit card information will be requested by the bank and will not be kept in any system. Please allow your payment to be returned to the system after it is approved by the bank. The account name appears on [...]","protected":false},"author":1,"featured_media":0,"parent":0,"menu_order":0,"comment_status":"closed","ping_status":"closed","template":"","meta":{"footnotes":""},"class_list":["post-3922","page","type-page","status-publish","hentry"],"_links":{"self":[{"href":"https:\/\/www.stempd.net\/tr\/wp-json\/wp\/v2\/pages\/3922","targetHints":{"allow":["GET"]}}],"collection":[{"href":"https:\/\/www.stempd.net\/tr\/wp-json\/wp\/v2\/pages"}],"about":[{"href":"https:\/\/www.stempd.net\/tr\/wp-json\/wp\/v2\/types\/page"}],"author":[{"embeddable":true,"href":"https:\/\/www.stempd.net\/tr\/wp-json\/wp\/v2\/users\/1"}],"replies":[{"embeddable":true,"href":"https:\/\/www.stempd.net\/tr\/wp-json\/wp\/v2\/comments?post=3922"}],"version-history":[{"count":31,"href":"https:\/\/www.stempd.net\/tr\/wp-json\/wp\/v2\/pages\/3922\/revisions"}],"predecessor-version":[{"id":3941,"href":"https:\/\/www.stempd.net\/tr\/wp-json\/wp\/v2\/pages\/3922\/revisions\/3941"}],"wp:attachment":[{"href":"https:\/\/www.stempd.net\/tr\/wp-json\/wp\/v2\/media?parent=3922"}],"curies":[{"name":"wp","href":"https:\/\/api.w.org\/{rel}","templated":true}]}}